{"id":20,"date":"2026-04-11T11:53:46","date_gmt":"2026-04-11T11:53:46","guid":{"rendered":"https:\/\/lanzinger-erdbau.at\/?page_id=20"},"modified":"2026-04-11T12:06:12","modified_gmt":"2026-04-11T12:06:12","slug":"20-2","status":"publish","type":"page","link":"https:\/\/lanzinger-erdbau.at\/","title":{"rendered":""},"content":{"rendered":"\n<figure class=\"wp-block-image size-large\"><img loading=\"lazy\" decoding=\"async\" width=\"1024\" height=\"370\" src=\"https:\/\/lanzinger-erdbau.at\/wp-content\/uploads\/2026\/04\/Logo-1024x370.png\" alt=\"\" class=\"wp-image-8\" srcset=\"https:\/\/lanzinger-erdbau.at\/wp-content\/uploads\/2026\/04\/Logo-1024x370.png 1024w, https:\/\/lanzinger-erdbau.at\/wp-content\/uploads\/2026\/04\/Logo-300x108.png 300w, https:\/\/lanzinger-erdbau.at\/wp-content\/uploads\/2026\/04\/Logo-768x277.png 768w, https:\/\/lanzinger-erdbau.at\/wp-content\/uploads\/2026\/04\/Logo-1536x555.png 1536w, https:\/\/lanzinger-erdbau.at\/wp-content\/uploads\/2026\/04\/Logo.png 1900w\" sizes=\"auto, (max-width: 1024px) 100vw, 1024px\" \/><\/figure>\n\n\n\n<p><\/p>\n\n\n\n<p><\/p>\n\n\n\n<p>Ihr verl\u00e4sslicher Partner f\u00fcr Erdarbeiten in der Region.<\/p>\n\n\n\n<p>Ob Aushub, Planierung oder Gel\u00e4nde\u00ad gestaltung \u2013 wir stehen<\/p>\n\n\n\n<p>f\u00fcr saubere Arbeit, Handschlagqualit\u00e4t und termingerechte<\/p>\n\n\n\n<p>Umsetzung.<\/p>\n\n\n\n<p><\/p>\n\n\n\n<p><\/p>\n\n\n\n<h3 class=\"wp-block-heading\">Unsere Leistungen<\/h3>\n\n\n\n<ul class=\"wp-block-list\">\n<li>Aushubarbeiten<\/li>\n\n\n\n<li>Planier- &amp; Baggerarbeiten<\/li>\n\n\n\n<li>Gel\u00e4nde- &amp; Wegebau<\/li>\n\n\n\n<li>Abbruch &amp; Entsorgung<\/li>\n\n\n\n<li>Verhub &amp; Transport<\/li>\n<\/ul>\n\n\n\n<h3 class=\"wp-block-heading\">Kontakt<\/h3>\n\n\n\n<p><br>Tel: +43 664 2000338<br><br>Mail: office@lanzinger-erdbau.at<\/p>\n","protected":false},"excerpt":{"rendered":"<p>Ihr verl\u00e4sslicher Partner f\u00fcr Erdarbeiten in der Region. Ob Aushub, Planierung oder Gel\u00e4nde\u00ad gestaltung \u2013 wir stehen f\u00fcr saubere Arbeit, Handschlagqualit\u00e4t und termingerechte Umsetzung. Unsere Leistungen Kontakt Tel: +43 664 2000338 Mail: office@lanzinger-erdbau.at<\/p>\n","protected":false},"author":1,"featured_media":0,"parent":0,"menu_order":0,"comment_status":"closed","ping_status":"closed","template":"","meta":{"footnotes":""},"class_list":["post-20","page","type-page","status-publish","hentry"],"_links":{"self":[{"href":"https:\/\/lanzinger-erdbau.at\/index.php?rest_route=\/wp\/v2\/pages\/20","targetHints":{"allow":["GET"]}}],"collection":[{"href":"https:\/\/lanzinger-erdbau.at\/index.php?rest_route=\/wp\/v2\/pages"}],"about":[{"href":"https:\/\/lanzinger-erdbau.at\/index.php?rest_route=\/wp\/v2\/types\/page"}],"author":[{"embeddable":true,"href":"https:\/\/lanzinger-erdbau.at\/index.php?rest_route=\/wp\/v2\/users\/1"}],"replies":[{"embeddable":true,"href":"https:\/\/lanzinger-erdbau.at\/index.php?rest_route=%2Fwp%2Fv2%2Fcomments&post=20"}],"version-history":[{"count":5,"href":"https:\/\/lanzinger-erdbau.at\/index.php?rest_route=\/wp\/v2\/pages\/20\/revisions"}],"predecessor-version":[{"id":30,"href":"https:\/\/lanzinger-erdbau.at\/index.php?rest_route=\/wp\/v2\/pages\/20\/revisions\/30"}],"wp:attachment":[{"href":"https:\/\/lanzinger-erdbau.at\/index.php?rest_route=%2Fwp%2Fv2%2Fmedia&parent=20"}],"curies":[{"name":"wp","href":"https:\/\/api.w.org\/{rel}","templated":true}]}}